{"id":16058,"date":"2023-05-11T11:49:13","date_gmt":"2023-05-11T09:49:13","guid":{"rendered":"https:\/\/www.forp.nl\/?page_id=16058"},"modified":"2024-08-29T10:54:19","modified_gmt":"2024-08-29T08:54:19","slug":"onboarding","status":"publish","type":"page","link":"https:\/\/www.forp.nl\/en\/services\/onboarding\/","title":{"rendered":"Onboarding"},"content":{"rendered":"<section  class=\"values-section section-pt-80 section-pb-80 white-bg\">\n    <div class=\"container-1\">\n        <div class=\"section-inner\">\n            <div class=\"values-section__desc text text-center align-center\"><span class=\"subtitle-2-lines text-uppercase\">Hoe zorg je ervoor dat de hire experience overeenkomt met de employee experience?<\/span>\n                <h2>De verschillende fases van kandidaat naar werknemer:<\/h2>\n            <\/div>\n            <div class=\"values-section__values-block values-block\">\n\n                                    <div class=\"values-block__item light-grey-bg\" style=\"--value-section-color:#dbb0a2\">\n                        <div class=\"values-block__head\">\n                            <div class=\"values-block__head-text\">\n                                <span class=\"values-block__subtitle text-uppercase subtitle-line-before\">Wat is pre-boarding?<\/span>\n                                <span class=\"values-block__title text-uppercase\">Pre-boarding<\/span>\n                            <\/div>\n                            <div class=\"values-block__icon\">\n                                <img decoding=\"async\" src=\"https:\/\/www.forp.nl\/wp-content\/uploads\/2023\/12\/value-icon-2.svg\" alt=\"\" \/>\n                            <\/div>\n                        <\/div>\n                        <p class=\"values-block__desc\">Pre-boarding is de fase die loopt van het akkoord op het voorstel tot aan de eerste werkdag.<\/p>\n\t\t\t\t\t\t                    <\/div>\n                                    <div class=\"values-block__item light-grey-bg\" style=\"--value-section-color:#7da1c4\">\n                        <div class=\"values-block__head\">\n                            <div class=\"values-block__head-text\">\n                                <span class=\"values-block__subtitle text-uppercase subtitle-line-before\">Wat is onboarding?<\/span>\n                                <span class=\"values-block__title text-uppercase\">Onboarding<\/span>\n                            <\/div>\n                            <div class=\"values-block__icon\">\n                                <img decoding=\"async\" src=\"https:\/\/www.forp.nl\/wp-content\/uploads\/2023\/12\/value-icon-2.svg\" alt=\"\" \/>\n                            <\/div>\n                        <\/div>\n                        <p class=\"values-block__desc\">Met een effectieve onboarding zorg je ervoor dat een medewerker snel vertrouwd raakt met zijn of haar nieuwe functie en zich direct onderdeel van het team voelt. En zich vooral welkom voelt.<\/p>\n\t\t\t\t\t\t                    <\/div>\n                                    <div class=\"values-block__item light-grey-bg\" style=\"--value-section-color:#9ab9ad\">\n                        <div class=\"values-block__head\">\n                            <div class=\"values-block__head-text\">\n                                <span class=\"values-block__subtitle text-uppercase subtitle-line-before\">Wat is reboarding?<\/span>\n                                <span class=\"values-block__title text-uppercase\">Reboarding<\/span>\n                            <\/div>\n                            <div class=\"values-block__icon\">\n                                <img decoding=\"async\" src=\"https:\/\/www.forp.nl\/wp-content\/uploads\/2023\/12\/value-icon-2.svg\" alt=\"\" \/>\n                            <\/div>\n                        <\/div>\n                        <p class=\"values-block__desc\">Reboarding richt zich op medewerkers die voor een aanzienlijke tijd afwezig zijn geweest, vanwege zwangerschap, burn-out, langdurig ziekte of andere persoonlijke omstandigheden, en nu weer terugkeren naar jou. Met een goede reboarding zorg je voor een duurzame terugkeer.<\/p>\n\t\t\t\t\t\t                    <\/div>\n                            <\/div>\n\t\t\t        <\/div>\n    <\/div>\n<\/section>\n<section  class=\"text-section text-section__text-columns white-bg section-pt-80 section-pb-80\">\n    <div class=\"container-1\">\n        <div class=\"section-inner  flex-justify-center\">\n            <div class=\"text-section__text-block text \">\n\t\t\t\t                  <span class=\"subtitle-line-before text-uppercase\">\n                      Waarom pre-boarding?                  <\/span>\n\t\t\t\t\n                <h2>Een vloeiende integratie<\/h2>\n\n                            <\/div>\n\n                                                <div class=\"text-section__text-block text\">\n                        <p style=\"font-weight: 400;\">Pre-boarding is de fase die loopt van het akkoord op het voorstel tot aan de eerste werkdag. Dit is een belangrijke en in onze ogen essenti\u00eble fase gedurende de hire experience en is erop gericht de betrokkenheid van de aanstaande medewerker te vergroten en zich welkom te laten voelen. In deze periode maakt de nieuwe medewerker alvast kennis met toekomstige collega\u2019s, wat een vloeiende integratie in het team ondersteunt.<\/p>\n                    <\/div>\n                            \n        <\/div>\n    <\/div>\n<\/section><section  class=\"stat-section section-pt-80 light-grey-bg section-pb-120 \" >\n    <div class=\"container-1\">\n        <div class=\"section-inner\">\n            <div class=\"stat-section__head text text-center align-center\"><span class=\"subtitle-2-lines text-uppercase\">starten met pre-boarding?<\/span>\n                <h2>\n                    Cre\u00eber succes v\u00f3\u00f3r de eerste werkdag                <\/h2>\n            <\/div>\n            <div class=\"stat-section__stat-block stat-block stat-block_4-items\">\n                                    <div class=\"stat-block__item\">\n                        <div class=\"stat-block__top\"><img decoding=\"async\" class=\"stat-block__icon\" src=\"https:\/\/www.forp.nl\/wp-content\/uploads\/2024\/01\/Property-1Smile.svg\" alt=\"\" \/><span class=\"stat-block__value\"><\/span>\n                        <\/div>\n                        <div class=\"stat-block__bottom text-center text-uppercase\">\n                            <p>Verhoogt de werknemerstevredenheid<\/p>\n                        <\/div>\n                    <\/div>\n                                    <div class=\"stat-block__item\">\n                        <div class=\"stat-block__top\"><img decoding=\"async\" class=\"stat-block__icon\" src=\"https:\/\/www.forp.nl\/wp-content\/uploads\/2024\/01\/Property-1Flag.svg\" alt=\"\" \/><span class=\"stat-block__value\"><\/span>\n                        <\/div>\n                        <div class=\"stat-block__bottom text-center text-uppercase\">\n                            <p>Versnelt het onboardingsproces<\/p>\n                        <\/div>\n                    <\/div>\n                                    <div class=\"stat-block__item\">\n                        <div class=\"stat-block__top\"><img decoding=\"async\" class=\"stat-block__icon\" src=\"https:\/\/www.forp.nl\/wp-content\/uploads\/2024\/01\/Property-1Statistics.svg\" alt=\"\" \/><span class=\"stat-block__value\"><\/span>\n                        <\/div>\n                        <div class=\"stat-block__bottom text-center text-uppercase\">\n                            <p>Verbetert retentie<\/p>\n                        <\/div>\n                    <\/div>\n                                    <div class=\"stat-block__item\">\n                        <div class=\"stat-block__top\"><img decoding=\"async\" class=\"stat-block__icon\" src=\"https:\/\/www.forp.nl\/wp-content\/uploads\/2024\/01\/Property-1ThumbUp.svg\" alt=\"\" \/><span class=\"stat-block__value\"><\/span>\n                        <\/div>\n                        <div class=\"stat-block__bottom text-center text-uppercase\">\n                            <p>Cre\u00ebert positieve bedrijfscultuur<\/p>\n                        <\/div>\n                    <\/div>\n                            <\/div>\n        <\/div>\n    <\/div>\n<\/section>\n<section  class=\"text-section text-section__text-columns white-bg section-pt-80 section-pb-80\">\n    <div class=\"container-1\">\n        <div class=\"section-inner  flex-justify-center\">\n            <div class=\"text-section__text-block text \">\n\t\t\t\t                  <span class=\"subtitle-line-before text-uppercase\">\n                      Waarom onboarding?                  <\/span>\n\t\t\t\t\n                <h2>Een warm welkom voor nieuwe medewerkers<\/h2>\n\n                                    <a class=\"button button-green\" href=\"https:\/\/www.forp.nl\/en\/contact\/\">Get in touch<\/a>\n                            <\/div>\n\n                                                <div class=\"text-section__text-block text\">\n                        <p>Waarschijnlijk heb je heel wat inspanningen geleverd om die nieuwe medewerker aan boord te krijgen. Je hebt zorgvuldig nagedacht over de vacaturetekst, talloze gesprekken gevoerd, arbeidsvoorwaarden besproken en interne evaluaties uitgevoerd op sollicitatiebrieven en -gesprekken. Dan zou het zonde zijn als die nieuwe medewerker na korte tijd al naar een concurrent vertrekt, simpelweg omdat diegene zich niet op zijn plek voelt binnen jouw organisatie. In feite gooi je dan geld weg. Gelukkig kun je dit voorkomen door een effectieve onboardingsprocedure.<\/p>\n<p>Met een effectieve onboarding zorg je ervoor dat een medewerker snel vertrouwd raakt met zijn of haar nieuwe functie en zich direct onderdeel van het team voelt. Dit leidt tot meer betrokkenheid bij het werk en een verhoogde tevredenheid. Door deze aanpak zul je als werkgever profiteren van een toename in productiviteit.<\/p>\n<p>Onboarden is een soepel proces voor nieuwe medewerkers, waar zij zelf niets voor hoeven te doen. Dit proces kan eenvoudig worden gestandaardiseerd, waardoor elk detail wordt meegenomen. Aan de andere kant is inwerken maatwerk en specifiek afgestemd op de functie en taken van de nieuwe medewerker. Het inwerktraject hangt ook deels af van de werkervaring en vaardigheden van het nieuwe teamlid, het type functie, de directe collega\u2019s en de manager.<\/p>\n                    <\/div>\n                            \n        <\/div>\n    <\/div>\n<\/section>\n<section  class=\"text-section  light-grey-bg section-pt-80 section-pb-80\">\n    <div class=\"container-1\">\n        <div class=\"section-inner  flex-align-center\">\n            <div class=\"text-section__text-block text \">\n\t\t\t\t                  <span class=\"subtitle-line-before text-uppercase\">\n                      Waarom reboarding?                  <\/span>\n\t\t\t\t\n                <h2>Een vlotte en fijne herstart<\/h2>\n<p style=\"font-weight: 400;\">Jouw medewerker is er al een tijd tussenuit, heeft al even niet deelgenomen aan het arbeidsproces en dat kan best even spannend zijn voor jou en de medewerker om de draad weer op te pakken. Er is intussen veel gebeurd. Een zachte landing helpt bij de duurzame terugkeer. Denk hierbij aan het bijpraten over lopende projecten, hen opnieuw verwelkomen in de sociale structuur van jouw bedrijf, de meest recente ontwikkelingen delen, kennismaken met nieuwe collega\u2019s etc.<\/p>\n\n                                    <a class=\"button button-green\" href=\"https:\/\/www.forp.nl\/en\/contact\/\">Get in touch<\/a>\n                            <\/div>\n\n                                                <div class=\"text-section__image-block flex-direction-column flex-align-center\">\n                                                    <div class=\"text-section__image\">\n                                <img decoding=\"async\" src=\"https:\/\/www.forp.nl\/wp-content\/uploads\/2024\/01\/FORP-nov-2023-94-1-scaled.jpg\" alt=\"\" \/>\n                            <\/div>\n                                            <\/div>\n                            \n        <\/div>\n    <\/div>\n<\/section>\t<style>\n\t\t.acf-field-62b084a3c6f53, .acf-field-62b0834dc6f51, .acf-field-62b084e5c6f54, .acf-field-62b08501c6f55, .acf-field-62b0853fc6f56, .acf-field-62b0855dc6f57, .acf-field-62b0856bc6f58, .acf-field-62b08195c6f4d, .acf-field-632080aef9ffb, .acf-field-62b081ccc6f4e, .acf-field-63219afdd52a9, .acf-field-62b081e7c6f4f, .acf-field-62b082b9c6f50, .acf-field-62b08472c6f52 {\n\t\t\tdisplay: none;\n\t\t}\n\t<\/style>\n\t<div id=\"contactfooter-block_500440100b0aab696dc7404c740dd9ee\" class=\"contactfooter alignfull\">\n<section class=\"section section--contact\">\n\t\t<div class=\"container\">\n\t\t\t\t\t\t<div class=\"contact animate__it\">\n\t\t\t\t<figure class=\"contact__user\">\n\t\t\t\t\t<img decoding=\"async\" src=\"https:\/\/www.forp.nl\/wp-content\/uploads\/2024\/01\/Ontwerp-zonder-titel-4-1.png\">\n\t\t\t\t<\/figure>\n\t\t\t\t<div class=\"contact__text\">\n                    \t\t\t\t\t<h2>CURIOUS TO KNOW WHAT&#8217;S POSSIBLE?<\/h2>                    \n\t\t\t\t\t\n                    \t\t\t\t\t<p>Get in touch with our professionals.<\/p>\n                    \t\t\t\t<\/div>\n\t\t\t\t<ul class=\"contact__list\">\n\t\t\t\t\t<li class=\"contact-box\">\n                        <a href=\"mailto:contact@forp.nl\">\n                            \t\t\t\t\t\t\n                                    <span class=\"icon\">\n                                        <i class=\"fa fa-envelope\" aria-hidden=\"true\"><\/i>\n                                    <\/span>\n                            \t\t\t\t\t\t\t<span class=\"title\">\n\t\t\t\t\t\t\t\t\t\t\t\t\t\t\t\t\t<strong>Via email<\/strong>\n\t\t\t\t\t\t\t\t\t\t\t\t\t\t\t\t\t\t\t\t\t\t\t\t\tcontact@forp.nl\t\t\t\t\t\t\t\t\t\t\t\t\t\t\t<\/span>\n                            \n\t\t\t\t\t\t<\/a>\n\t\t\t\t\t<\/li>\n\t\t\t\t\t<li class=\"contact-box\">\n\t\t\t\t\t\t<a href=\"tel:+3188\u20130104190\">\n                            \t\t\t\t\t\t\t<span class=\"icon\">\n\t\t\t\t\t\t\t\t<i class=\"fa fa-mobile\" aria-hidden=\"true\"><\/i>\n\t\t\t\t\t\t\t<\/span>\n                            \t\t\t\t\t\t\t<span class=\"title\">\n                            \t\t\t\t\t\t\t\t\t\t<strong>By phone<\/strong>\n                                \t\t\t\t\t\t\t\t                                    +3188\u20130104190                                \t\t\t\t\t\t\t<\/span>\n\t\t\t\t\t\t<\/a>\n\t\t\t\t\t<\/li>\n\t\t\t\t\t<li class=\"contact-box\">\n\t\t\t\t\t\t<a href=\"https:\/\/wa.me\/3131610960464\" target=\"_blank\" rel=\"noopener\">\n                            \t\t\t\t\t\t\t<span class=\"icon\">\n\t\t\t\t\t\t\t\t<i class=\"fa-brands fa-whatsapp\"><\/i>\n\t\t\t\t\t\t\t<\/span>\n                            \t\t\t\t\t\t\t<span class=\"title\">\n                            \t\t\t\t\t\t\t\t<strong>Via WhatsApp<\/strong>                                                            +31 6 10960464                             \t\t\t\t\t\t\t<\/span>\n\t\t\t\t\t\t<\/a>\n\t\t\t\t\t<\/li>\n\t\t\t\t<\/ul>\n\t\t\t<\/div>\n\t\t\t\t\t<\/div>\n\t<\/section>\n<\/div>\n\n","protected":false},"excerpt":{"rendered":"","protected":false},"author":4,"featured_media":0,"parent":16014,"menu_order":0,"comment_status":"closed","ping_status":"closed","template":"","meta":{"_acf_changed":false,"_improvement_type_select":"improve_an_existing","_thumb_yes_seoaic":false,"_frame_yes_seoaic":false,"seoaic_generate_description":"","seoaic_improve_instructions_prompt":"","seoaic_rollback_content_improvement":"","seoaic_idea_thumbnail_generator":"","thumbnail_generated":false,"thumbnail_generate_prompt":"","seoaic_article_description":"","footnotes":""},"class_list":["post-16058","page","type-page","status-publish","hentry"],"acf":[],"_links":{"self":[{"href":"https:\/\/www.forp.nl\/en\/wp-json\/wp\/v2\/pages\/16058","targetHints":{"allow":["GET"]}}],"collection":[{"href":"https:\/\/www.forp.nl\/en\/wp-json\/wp\/v2\/pages"}],"about":[{"href":"https:\/\/www.forp.nl\/en\/wp-json\/wp\/v2\/types\/page"}],"author":[{"embeddable":true,"href":"https:\/\/www.forp.nl\/en\/wp-json\/wp\/v2\/users\/4"}],"replies":[{"embeddable":true,"href":"https:\/\/www.forp.nl\/en\/wp-json\/wp\/v2\/comments?post=16058"}],"version-history":[{"count":0,"href":"https:\/\/www.forp.nl\/en\/wp-json\/wp\/v2\/pages\/16058\/revisions"}],"up":[{"embeddable":true,"href":"https:\/\/www.forp.nl\/en\/wp-json\/wp\/v2\/pages\/16014"}],"wp:attachment":[{"href":"https:\/\/www.forp.nl\/en\/wp-json\/wp\/v2\/media?parent=16058"}],"curies":[{"name":"wp","href":"https:\/\/api.w.org\/{rel}","templated":true}]}}